{"id":9,"date":"2010-06-28T08:37:08","date_gmt":"2010-06-28T08:37:08","guid":{"rendered":"http:\/\/www.pflegeheim-spechbach.de\/web"},"modified":"2013-01-21T13:28:06","modified_gmt":"2013-01-21T13:28:06","slug":"haus","status":"publish","type":"page","link":"https:\/\/www.pflegeheim-spechbach.de\/web\/haus","title":{"rendered":"Haus"},"content":{"rendered":"<p>Das Haus bietet 73 Bewohnerinnen und Bewohnern ein gem\u00fctliches Zuhause.<\/p>\n<p>Als Familienunternehmen haben wir es uns zur Aufgabe gemacht, f\u00fcr pflege-, hilfs- und betreuungsbed\u00fcrftige Menschen ein m\u00f6glichst umfassendes Versorgungsangebot zu machen.<\/p>\n<p>In einer famili\u00e4ren Umgebung sollen sich unsere Bewohnerinnen und Bewohner geborgen und wohl f\u00fchlen.<br \/>\nDementsprechend ist das Haus Waldblick auch eingerichtet; \u00fcberschaubar und mit ganz pers\u00f6nlicher Note seiner Bewohner.<\/p>\n<p>Die Atmosph\u00e4re ist gepr\u00e4gt von der Achtung und der Sympathie der Menschen, die hier leben und arbeiten.<\/p>\n<p><a href=\"http:\/\/www.pflegeheim-spechbach.de\/web\/wp-content\/bilder\/gross\/haus01.jpg\"><img loading=\"lazy\" decoding=\"async\" alt=\"Alten- und Pflegeheim Haus Waldblick in Spechbach\" src=\"http:\/\/www.pflegeheim-spechbach.de\/web\/wp-content\/bilder\/klein\/haus01.jpg\" title=\"Alten- und Pflegeheim Haus Waldblick in Spechbach\" width=\"300\" height=\"200\" border=\"0\" \/><\/a> <a href=\"http:\/\/www.pflegeheim-spechbach.de\/web\/wp-content\/bilder\/gross\/haus02.jpg\"><img loading=\"lazy\" decoding=\"async\" alt=\"Alten- und Pflegeheim Haus Waldblick in Spechbach\" src=\"http:\/\/www.pflegeheim-spechbach.de\/web\/wp-content\/bilder\/klein\/haus02.jpg\" title=\"Alten- und Pflegeheim Haus Waldblick in Spechbach\" width=\"300\" height=\"200\" border=\"0\" \/><\/a><\/p>\n","protected":false},"excerpt":{"rendered":"<p>Das Haus bietet 73 Bewohnerinnen und Bewohnern ein gem\u00fctliches Zuhause. Als Familienunternehmen haben wir es uns zur Aufgabe gemacht, f\u00fcr pflege-, hilfs- und betreuungsbed\u00fcrftige Menschen ein m\u00f6glichst umfassendes Versorgungsangebot zu machen. In einer famili\u00e4ren Umgebung sollen sich unsere Bewohnerinnen und Bewohner geborgen und wohl f\u00fchlen. Dementsprechend ist das Haus Waldblick auch eingerichtet; \u00fcberschaubar und mit [&hellip;]<\/p>\n","protected":false},"author":1,"featured_media":0,"parent":0,"menu_order":1,"comment_status":"open","ping_status":"open","template":"","meta":{"footnotes":""},"class_list":["post-9","page","type-page","status-publish","hentry"],"_links":{"self":[{"href":"https:\/\/www.pflegeheim-spechbach.de\/web\/wp-json\/wp\/v2\/pages\/9","targetHints":{"allow":["GET"]}}],"collection":[{"href":"https:\/\/www.pflegeheim-spechbach.de\/web\/wp-json\/wp\/v2\/pages"}],"about":[{"href":"https:\/\/www.pflegeheim-spechbach.de\/web\/wp-json\/wp\/v2\/types\/page"}],"author":[{"embeddable":true,"href":"https:\/\/www.pflegeheim-spechbach.de\/web\/wp-json\/wp\/v2\/users\/1"}],"replies":[{"embeddable":true,"href":"https:\/\/www.pflegeheim-spechbach.de\/web\/wp-json\/wp\/v2\/comments?post=9"}],"version-history":[{"count":6,"href":"https:\/\/www.pflegeheim-spechbach.de\/web\/wp-json\/wp\/v2\/pages\/9\/revisions"}],"predecessor-version":[{"id":249,"href":"https:\/\/www.pflegeheim-spechbach.de\/web\/wp-json\/wp\/v2\/pages\/9\/revisions\/249"}],"wp:attachment":[{"href":"https:\/\/www.pflegeheim-spechbach.de\/web\/wp-json\/wp\/v2\/media?parent=9"}],"curies":[{"name":"wp","href":"https:\/\/api.w.org\/{rel}","templated":true}]}}