{"id":73,"date":"2010-06-28T10:18:11","date_gmt":"2010-06-28T10:18:11","guid":{"rendered":"http:\/\/www.pflegeheim-spechbach.de\/web"},"modified":"2023-07-23T19:12:53","modified_gmt":"2023-07-23T19:12:53","slug":"impressum","status":"publish","type":"page","link":"https:\/\/www.pflegeheim-spechbach.de\/web\/impressum","title":{"rendered":"Impressum"},"content":{"rendered":"<p><strong>Alten- und Pflegeheim Post GmbH<\/strong><br \/>\nWintersbrunnenhof 1<br \/>\n74937 Spechbach<\/p>\n<p>Gesch\u00e4ftsf\u00fchrerin: Andrea Post-Beetz<\/p>\n<p>Tel.: 06226-95070<br \/>\nFax.: 06226-9507299<br \/>\nE-mail: altenundpflegeheim@post-gmbh.de<\/p>\n<p>Steuer-Nr.: 44084 \/ 00093<\/p>\n<p>Registereintrag: Amtsgericht Mannheim HRB 340992<\/p>\n<p>WebDesign und Hosting: <a href=\"http:\/\/www.zielonka-it.de\/\" target=\"_blank\" rel=\"noopener\">Zielonka | Professioneller IT-Service<\/a><\/p>\n<p><u>Rechtliche Hinweise<\/u><\/p>\n<p>1. Haftungsausschluss<\/p>\n<p>Alle Inhalte unserer Internetseiten wurden sorgf\u00e4ltig erarbeitet und werden regelm\u00e4\u00dfig aktualisiert. Trotzdem k\u00f6nnen Fehler und Unklarheiten nicht vollst\u00e4ndig ausgeschlossen werden.<br \/>\nDie Alten- und Pflegeheim Post GmbH \u00fcbernimmt keinerlei Gew\u00e4hr f\u00fcr die Aktualit\u00e4t, Korrektheit, Vollst\u00e4ndigkeit oder Qualit\u00e4t der bereitgestellten Informationen. Haftungsanspr\u00fcche gegen die Alten- und Pflegeheim Post GmbH welche sich auf die Sch\u00e4den materieller oder ideeller Art beziehen, die durch die Nutzung oder Nichtnutzung der dargebotenen Informationen bzw. durch die Nutzung fehlerhaft und unvollst\u00e4ndiger Informationen verursacht wurden, sind grunds\u00e4tzlich ausgeschlossen, sofern seitens des Webseitenbetreibers kein nachweislich vors\u00e4tzliches oder grob fahrl\u00e4ssiges Verschulden vorliegt. Alle Angebote sind freibleibend und unverbindlich. Die Alten- und Pflegeheim Post GmbH beh\u00e4lt es sich ausdr\u00fccklich vor, Teile der Seiten oder einzelne Angebote oder das gesamte Angebot ohne gesonderte Ank\u00fcndigung zu ver\u00e4ndern, zu erg\u00e4nzen, zu l\u00f6schen oder die Ver\u00f6ffentlichung zeitweise oder endg\u00fcltig einzustellen.<\/p>\n<p>2. Rechtswirksamkeit dieses Haftungsausschlusses<\/p>\n<p>Dieser Haftungsausschluss ist als Teil des Internetangebotes zu betrachten, von dem aus auf diesen Text verwiesen wurde. Sollten Teile oder einzelne Formulierungen dieses Textes der geltenden Rechtslage nicht, nicht mehr oder nicht vollst\u00e4ndig entsprechen, bleiben die \u00fcbrigen Teile des Dokumentes in ihrem Inhalt und ihrer G\u00fcltigkeit davon unber\u00fchrt.<\/p>\n","protected":false},"excerpt":{"rendered":"<p>Alten- und Pflegeheim Post GmbH Wintersbrunnenhof 1 74937 Spechbach Gesch\u00e4ftsf\u00fchrerin: Andrea Post-Beetz Tel.: 06226-95070 Fax.: 06226-9507299 E-mail: altenundpflegeheim@post-gmbh.de Steuer-Nr.: 44084 \/ 00093 Registereintrag: Amtsgericht Mannheim HRB 340992 WebDesign und Hosting: Zielonka | Professioneller IT-Service Rechtliche Hinweise 1. Haftungsausschluss Alle Inhalte unserer Internetseiten wurden sorgf\u00e4ltig erarbeitet und werden regelm\u00e4\u00dfig aktualisiert. Trotzdem k\u00f6nnen Fehler und Unklarheiten nicht [&hellip;]<\/p>\n","protected":false},"author":1,"featured_media":0,"parent":0,"menu_order":20,"comment_status":"open","ping_status":"open","template":"","meta":{"footnotes":""},"class_list":["post-73","page","type-page","status-publish","hentry"],"_links":{"self":[{"href":"https:\/\/www.pflegeheim-spechbach.de\/web\/wp-json\/wp\/v2\/pages\/73","targetHints":{"allow":["GET"]}}],"collection":[{"href":"https:\/\/www.pflegeheim-spechbach.de\/web\/wp-json\/wp\/v2\/pages"}],"about":[{"href":"https:\/\/www.pflegeheim-spechbach.de\/web\/wp-json\/wp\/v2\/types\/page"}],"author":[{"embeddable":true,"href":"https:\/\/www.pflegeheim-spechbach.de\/web\/wp-json\/wp\/v2\/users\/1"}],"replies":[{"embeddable":true,"href":"https:\/\/www.pflegeheim-spechbach.de\/web\/wp-json\/wp\/v2\/comments?post=73"}],"version-history":[{"count":10,"href":"https:\/\/www.pflegeheim-spechbach.de\/web\/wp-json\/wp\/v2\/pages\/73\/revisions"}],"predecessor-version":[{"id":371,"href":"https:\/\/www.pflegeheim-spechbach.de\/web\/wp-json\/wp\/v2\/pages\/73\/revisions\/371"}],"wp:attachment":[{"href":"https:\/\/www.pflegeheim-spechbach.de\/web\/wp-json\/wp\/v2\/media?parent=73"}],"curies":[{"name":"wp","href":"https:\/\/api.w.org\/{rel}","templated":true}]}}