{"id":49,"date":"2010-06-28T09:43:49","date_gmt":"2010-06-28T09:43:49","guid":{"rendered":"http:\/\/www.pflegeheim-spechbach.de\/web"},"modified":"2017-01-31T22:37:35","modified_gmt":"2017-01-31T22:37:35","slug":"leistungsumfang","status":"publish","type":"page","link":"https:\/\/www.pflegeheim-spechbach.de\/web\/leistungsumfang","title":{"rendered":"Leistungsumfang"},"content":{"rendered":"<p>Die nachfolgenden Leistungen (Regelleistungen) sind in den Pfleges\u00e4tzen enthalten:<\/p>\n<p>Regelleistungen:<\/p>\n<ul>\n<li>Grundpflege (Hilfe bei der K\u00f6rperpflege, Hilfe bei der Ern\u00e4hrung, Hilfe bei der Mobilit\u00e4t)<\/li>\n<li>Behandlungspflege (medizinische Leistungen, soweit sie nicht von ihrem Arzt zu erbringen sind)<\/li>\n<li>Hilfen bei der pers\u00f6nlichen Lebensf\u00fchrung<\/li>\n<li>Leistungen der sozialen Betreuung<\/li>\n<li>Bereitstellung eines Einzel- bzw. Doppelzimmers einschl. dessen Reinigung sowie Bereitstellung und Pflege von Bettw\u00e4sche, Handt\u00fcchern und Lagerungshilfsmitteln<\/li>\n<li>Pflege der pers\u00f6nlichen W\u00e4sche (ausgenommen chemische Reinigung und Instandsetzungsarbeiten)<\/li>\n<li>Fr\u00fchst\u00fcck, Mittagessen. Kaffee mit Kuchen, Abendessen, Sp\u00e4tmahlzeit<\/li>\n<\/ul>\n<p>Fragen zu Aufnahmebedingungen, den Pflegekosten oder weiteren Fragen zu den hier angebotenen Leistungen beantworten wir Ihnen gerne in einem pers\u00f6nlichen Gespr\u00e4ch.<\/p>\n<p>&nbsp;<\/p>\n","protected":false},"excerpt":{"rendered":"<p>Die nachfolgenden Leistungen (Regelleistungen) sind in den Pfleges\u00e4tzen enthalten: Regelleistungen: Grundpflege (Hilfe bei der K\u00f6rperpflege, Hilfe bei der Ern\u00e4hrung, Hilfe bei der Mobilit\u00e4t) Behandlungspflege (medizinische Leistungen, soweit sie nicht von ihrem Arzt zu erbringen sind) Hilfen bei der pers\u00f6nlichen Lebensf\u00fchrung Leistungen der sozialen Betreuung Bereitstellung eines Einzel- bzw. Doppelzimmers einschl. dessen Reinigung sowie Bereitstellung und [&hellip;]<\/p>\n","protected":false},"author":1,"featured_media":0,"parent":0,"menu_order":11,"comment_status":"open","ping_status":"open","template":"","meta":{"footnotes":""},"class_list":["post-49","page","type-page","status-publish","hentry"],"_links":{"self":[{"href":"https:\/\/www.pflegeheim-spechbach.de\/web\/wp-json\/wp\/v2\/pages\/49","targetHints":{"allow":["GET"]}}],"collection":[{"href":"https:\/\/www.pflegeheim-spechbach.de\/web\/wp-json\/wp\/v2\/pages"}],"about":[{"href":"https:\/\/www.pflegeheim-spechbach.de\/web\/wp-json\/wp\/v2\/types\/page"}],"author":[{"embeddable":true,"href":"https:\/\/www.pflegeheim-spechbach.de\/web\/wp-json\/wp\/v2\/users\/1"}],"replies":[{"embeddable":true,"href":"https:\/\/www.pflegeheim-spechbach.de\/web\/wp-json\/wp\/v2\/comments?post=49"}],"version-history":[{"count":8,"href":"https:\/\/www.pflegeheim-spechbach.de\/web\/wp-json\/wp\/v2\/pages\/49\/revisions"}],"predecessor-version":[{"id":306,"href":"https:\/\/www.pflegeheim-spechbach.de\/web\/wp-json\/wp\/v2\/pages\/49\/revisions\/306"}],"wp:attachment":[{"href":"https:\/\/www.pflegeheim-spechbach.de\/web\/wp-json\/wp\/v2\/media?parent=49"}],"curies":[{"name":"wp","href":"https:\/\/api.w.org\/{rel}","templated":true}]}}