{"id":31,"date":"2010-06-28T08:47:36","date_gmt":"2010-06-28T08:47:36","guid":{"rendered":"http:\/\/www.pflegeheim-spechbach.de\/web"},"modified":"2017-01-31T22:42:53","modified_gmt":"2017-01-31T22:42:53","slug":"soziale-betreuung","status":"publish","type":"page","link":"https:\/\/www.pflegeheim-spechbach.de\/web\/soziale-betreuung","title":{"rendered":"Soziale Betreuung"},"content":{"rendered":"<p><strong>Besch\u00e4ftigung \/ Unterhaltung im Haus<\/strong><\/p>\n<p>Neben der Regelleistung in der sozialen Betreuung bietet das Haus Waldblick Leistungen der zus\u00e4tzlichen Betreuung und Aktivierung nach \u00a7 43b SGB XI an.<\/p>\n<p>Leistungen der zus\u00e4tzlichen Betreuung und Aktivierung sind Ma\u00dfnahmen, die das Wohlbefinden, den physischen Zustand oder die psychische Stimmung der betreuten Menschen positiv beeinflussen k\u00f6nnen.<\/p>\n<p>Das zus\u00e4tzliche Betreuungs- und Aktivierungsangebot umfasst die Motivation, Betreuung und Begleitung zum Beispiel bei folgenden Aktivit\u00e4ten:<\/p>\n<ul>\n<li>Malen und Basteln<\/li>\n<li>Handwerkliche Arbeiten und leicht Gartenarbeiten<\/li>\n<li>Haustiere f\u00fcttern und pflegen<\/li>\n<li>Kochen und Backen<\/li>\n<li>Anfertigung von Erinnerungsalben oder -ordnern<\/li>\n<li>Musik h\u00f6ren, musizieren, singen<\/li>\n<li>Brett- und Kartenspiele<\/li>\n<li>Spazierg\u00e4nge und Ausfl\u00fcge<\/li>\n<li>Bewegungs\u00fcbungen und Tanzen in der Gruppe<\/li>\n<li>Besuch von kulturellen Veranstaltungen, Sportveranstaltungen, Gottesdiensten und Friedh\u00f6fen<\/li>\n<li>Lesen und Vorlesen<\/li>\n<li>Fotoalben anschauen<\/li>\n<\/ul>\n<p>Mit den Pflegekassen ist unabh\u00e4ngig vom Pflegegrad gem\u00e4\u00df \u00a715 SGB XI ein Verg\u00fctungszuschlag f\u00fcr diese zus\u00e4tzlichen Leistungen vereinbart worden. Der Zuschlag wird vollst\u00e4ndig von der Pflegekasse getragen.<\/p>\n<p><a href=\"http:\/\/www.pflegeheim-spechbach.de\/web\/wp-content\/bilder\/gross\/soz-betreuung01.jpg\"><img loading=\"lazy\" decoding=\"async\" title=\"Alten- und Pflegeheim Haus Waldblick in Spechbach\" src=\"http:\/\/www.pflegeheim-spechbach.de\/web\/wp-content\/bilder\/klein\/soz-betreuung01.jpg\" alt=\"Alten- und Pflegeheim Haus Waldblick in Spechbach\" width=\"300\" height=\"200\" border=\"0\" \/><\/a> <a href=\"http:\/\/www.pflegeheim-spechbach.de\/web\/wp-content\/bilder\/gross\/soz-betreuung03.jpg\"><img loading=\"lazy\" decoding=\"async\" title=\"Alten- und Pflegeheim Haus Waldblick in Spechbach\" src=\"http:\/\/www.pflegeheim-spechbach.de\/web\/wp-content\/bilder\/klein\/soz-betreuung03.jpg\" alt=\"Alten- und Pflegeheim Haus Waldblick in Spechbach\" width=\"300\" height=\"200\" border=\"0\" \/><\/a><\/p>\n<p><a href=\"http:\/\/www.pflegeheim-spechbach.de\/web\/wp-content\/bilder\/gross\/soz-betreuung02.jpg\"><img loading=\"lazy\" decoding=\"async\" title=\"Alten- und Pflegeheim Haus Waldblick in Spechbach\" src=\"http:\/\/www.pflegeheim-spechbach.de\/web\/wp-content\/bilder\/klein\/soz-betreuung02.jpg\" alt=\"Alten- und Pflegeheim Haus Waldblick in Spechbach\" width=\"300\" height=\"225\" border=\"0\" \/><\/a> <a href=\"http:\/\/www.pflegeheim-spechbach.de\/web\/wp-content\/bilder\/gross\/soz-betreuung04.jpg\"><img loading=\"lazy\" decoding=\"async\" title=\"Alten- und Pflegeheim Haus Waldblick in Spechbach\" src=\"http:\/\/www.pflegeheim-spechbach.de\/web\/wp-content\/bilder\/klein\/soz-betreuung04.jpg\" alt=\"Alten- und Pflegeheim Haus Waldblick in Spechbach\" width=\"300\" height=\"225\" border=\"0\" \/><\/a><\/p>\n","protected":false},"excerpt":{"rendered":"<p>Besch\u00e4ftigung \/ Unterhaltung im Haus Neben der Regelleistung in der sozialen Betreuung bietet das Haus Waldblick Leistungen der zus\u00e4tzlichen Betreuung und Aktivierung nach \u00a7 43b SGB XI an. Leistungen der zus\u00e4tzlichen Betreuung und Aktivierung sind Ma\u00dfnahmen, die das Wohlbefinden, den physischen Zustand oder die psychische Stimmung der betreuten Menschen positiv beeinflussen k\u00f6nnen. Das zus\u00e4tzliche Betreuungs- [&hellip;]<\/p>\n","protected":false},"author":1,"featured_media":0,"parent":0,"menu_order":9,"comment_status":"open","ping_status":"open","template":"","meta":{"footnotes":""},"class_list":["post-31","page","type-page","status-publish","hentry"],"_links":{"self":[{"href":"https:\/\/www.pflegeheim-spechbach.de\/web\/wp-json\/wp\/v2\/pages\/31","targetHints":{"allow":["GET"]}}],"collection":[{"href":"https:\/\/www.pflegeheim-spechbach.de\/web\/wp-json\/wp\/v2\/pages"}],"about":[{"href":"https:\/\/www.pflegeheim-spechbach.de\/web\/wp-json\/wp\/v2\/types\/page"}],"author":[{"embeddable":true,"href":"https:\/\/www.pflegeheim-spechbach.de\/web\/wp-json\/wp\/v2\/users\/1"}],"replies":[{"embeddable":true,"href":"https:\/\/www.pflegeheim-spechbach.de\/web\/wp-json\/wp\/v2\/comments?post=31"}],"version-history":[{"count":12,"href":"https:\/\/www.pflegeheim-spechbach.de\/web\/wp-json\/wp\/v2\/pages\/31\/revisions"}],"predecessor-version":[{"id":309,"href":"https:\/\/www.pflegeheim-spechbach.de\/web\/wp-json\/wp\/v2\/pages\/31\/revisions\/309"}],"wp:attachment":[{"href":"https:\/\/www.pflegeheim-spechbach.de\/web\/wp-json\/wp\/v2\/media?parent=31"}],"curies":[{"name":"wp","href":"https:\/\/api.w.org\/{rel}","templated":true}]}}