{"id":29,"date":"2010-06-28T08:46:36","date_gmt":"2010-06-28T08:46:36","guid":{"rendered":"http:\/\/www.pflegeheim-spechbach.de\/web"},"modified":"2010-07-15T10:26:33","modified_gmt":"2010-07-15T10:26:33","slug":"pflege","status":"publish","type":"page","link":"https:\/\/www.pflegeheim-spechbach.de\/web\/pflege","title":{"rendered":"Pflege"},"content":{"rendered":"<p>Die Pflege wird von erfahrenen Pflegefachkr\u00e4ften und Pflegehilfskr\u00e4ften unter Ber\u00fccksichtigung der Lebensqualit\u00e4t, der bisherigen Lebensgewohnheiten und der Biographie der Bewohnerin oder des Bewohners geleistet.<\/p>\n<p>Unser Mitarbeiterinnen und Mitarbeiter werden hierf\u00fcr regelm\u00e4\u00dfig durch Fort- und Weiterbildungen geschult.<\/p>\n<p>Wir legen besonderen Wert auf moderne technische Ausstattung, auf qualifiziertes, freundliches Pflegepersonal sowie ein gem\u00fctliches Ambiente in idyllischer Umgebung.<\/p>\n<p><center><a href=\"http:\/\/www.pflegeheim-spechbach.de\/web\/wp-content\/bilder\/gross\/pflege01.jpg\"><img loading=\"lazy\" decoding=\"async\" alt=\"Alten- und Pflegeheim Haus Waldblick in Spechbach\" src=\"http:\/\/www.pflegeheim-spechbach.de\/web\/wp-content\/bilder\/klein\/pflege01.jpg\" title=\"Alten- und Pflegeheim Haus Waldblick in Spechbach\" width=\"200\" height=\"300\" border=\"0\" \/><\/a> <a href=\"http:\/\/www.pflegeheim-spechbach.de\/web\/wp-content\/bilder\/gross\/pflege02.jpg\"><img loading=\"lazy\" decoding=\"async\" alt=\"Alten- und Pflegeheim Haus Waldblick in Spechbach\" src=\"http:\/\/www.pflegeheim-spechbach.de\/web\/wp-content\/bilder\/klein\/pflege02.jpg\" title=\"Alten- und Pflegeheim Haus Waldblick in Spechbach\" width=\"300\" height=\"200\" border=\"0\" \/><\/a><\/center><\/p>\n<p>F\u00fcr die medizinische Betreuung arbeitet unser Haus mit \u00c4rzten aus unmittelbarer Umgebung eng zusammen. Die freie Arztwahl unserer Bewohner bleibt hiervon unber\u00fchrt.<\/p>\n<p>Weitergehende medizinische Leistungen, z.B. physiotherapeutische Ma\u00dfnahmen, Ergotherapie, Logop\u00e4die etc., werden in unserem Hause durch externe Dienstleister nach \u00e4rztlicher Verordnung erbracht.<\/p>\n<p>Regelm\u00e4\u00dfiges Angebot von Friseur und Fu\u00dfpflege besteht ebenfalls.<\/p>\n","protected":false},"excerpt":{"rendered":"<p>Die Pflege wird von erfahrenen Pflegefachkr\u00e4ften und Pflegehilfskr\u00e4ften unter Ber\u00fccksichtigung der Lebensqualit\u00e4t, der bisherigen Lebensgewohnheiten und der Biographie der Bewohnerin oder des Bewohners geleistet. Unser Mitarbeiterinnen und Mitarbeiter werden hierf\u00fcr regelm\u00e4\u00dfig durch Fort- und Weiterbildungen geschult. Wir legen besonderen Wert auf moderne technische Ausstattung, auf qualifiziertes, freundliches Pflegepersonal sowie ein gem\u00fctliches Ambiente in idyllischer Umgebung. [&hellip;]<\/p>\n","protected":false},"author":1,"featured_media":0,"parent":0,"menu_order":8,"comment_status":"open","ping_status":"open","template":"","meta":{"footnotes":""},"class_list":["post-29","page","type-page","status-publish","hentry"],"_links":{"self":[{"href":"https:\/\/www.pflegeheim-spechbach.de\/web\/wp-json\/wp\/v2\/pages\/29","targetHints":{"allow":["GET"]}}],"collection":[{"href":"https:\/\/www.pflegeheim-spechbach.de\/web\/wp-json\/wp\/v2\/pages"}],"about":[{"href":"https:\/\/www.pflegeheim-spechbach.de\/web\/wp-json\/wp\/v2\/types\/page"}],"author":[{"embeddable":true,"href":"https:\/\/www.pflegeheim-spechbach.de\/web\/wp-json\/wp\/v2\/users\/1"}],"replies":[{"embeddable":true,"href":"https:\/\/www.pflegeheim-spechbach.de\/web\/wp-json\/wp\/v2\/comments?post=29"}],"version-history":[{"count":10,"href":"https:\/\/www.pflegeheim-spechbach.de\/web\/wp-json\/wp\/v2\/pages\/29\/revisions"}],"predecessor-version":[{"id":173,"href":"https:\/\/www.pflegeheim-spechbach.de\/web\/wp-json\/wp\/v2\/pages\/29\/revisions\/173"}],"wp:attachment":[{"href":"https:\/\/www.pflegeheim-spechbach.de\/web\/wp-json\/wp\/v2\/media?parent=29"}],"curies":[{"name":"wp","href":"https:\/\/api.w.org\/{rel}","templated":true}]}}