{"id":27,"date":"2010-06-28T08:46:11","date_gmt":"2010-06-28T08:46:11","guid":{"rendered":"http:\/\/www.pflegeheim-spechbach.de\/web"},"modified":"2010-07-30T08:42:55","modified_gmt":"2010-07-30T08:42:55","slug":"unser-pflegeteam","status":"publish","type":"page","link":"https:\/\/www.pflegeheim-spechbach.de\/web\/unser-pflegeteam","title":{"rendered":"Unser Pflegeteam"},"content":{"rendered":"<p>F\u00fcr die Pflege und Betreuung steht Ihnen ein Team von gut ausgebildeten Mitarbeitern zur Verf\u00fcgung.<\/p>\n<p>Beim Umgang mit den Bewohnerinnen und Bewohnern wird dabei gro\u00dfen Wert\u00a0 auf eine freundliche, engagierte und pers\u00f6nliche Pflege gelegt.<\/p>\n<p>Unser Team zeichnet sich besonders durch Verantwortungsbewusstsein und Einf\u00fchlungsverm\u00f6gen gegen\u00fcber unseren Bewohnerinnen und Bewohnern aus.<\/p>\n<p><center><a href=\"http:\/\/www.pflegeheim-spechbach.de\/web\/wp-content\/bilder\/gross\/pflegeteam01.jpg\"><img loading=\"lazy\" decoding=\"async\" alt=\"Alten- und Pflegeheim Haus Waldblick in Spechbach\" src=\"http:\/\/www.pflegeheim-spechbach.de\/web\/wp-content\/bilder\/klein\/pflegeteam01.jpg\" title=\"Alten- und Pflegeheim Haus Waldblick in Spechbach\" width=\"400\" height=\"267\" border=\"0\" \/><\/a><\/center><\/p>\n<p>Die Einsatzfreude, Kreativit\u00e4t und Flexibilit\u00e4t, vor allem aber auch fachliches Wissen und praktische Erfahrung, werden jeden Tag von neuem herausgefordert.<\/p>\n<p>Allen ist ein positives Arbeitsklima wichtig.<\/p>\n<p>Interne und externe Schulungen garantieren ein hohes Ma\u00df an fachlicher Qualifikation unserer Mitarbeiter.<\/p>\n","protected":false},"excerpt":{"rendered":"<p>F\u00fcr die Pflege und Betreuung steht Ihnen ein Team von gut ausgebildeten Mitarbeitern zur Verf\u00fcgung. Beim Umgang mit den Bewohnerinnen und Bewohnern wird dabei gro\u00dfen Wert\u00a0 auf eine freundliche, engagierte und pers\u00f6nliche Pflege gelegt. Unser Team zeichnet sich besonders durch Verantwortungsbewusstsein und Einf\u00fchlungsverm\u00f6gen gegen\u00fcber unseren Bewohnerinnen und Bewohnern aus. Die Einsatzfreude, Kreativit\u00e4t und Flexibilit\u00e4t, vor [&hellip;]<\/p>\n","protected":false},"author":1,"featured_media":0,"parent":0,"menu_order":7,"comment_status":"open","ping_status":"open","template":"","meta":{"footnotes":""},"class_list":["post-27","page","type-page","status-publish","hentry"],"_links":{"self":[{"href":"https:\/\/www.pflegeheim-spechbach.de\/web\/wp-json\/wp\/v2\/pages\/27","targetHints":{"allow":["GET"]}}],"collection":[{"href":"https:\/\/www.pflegeheim-spechbach.de\/web\/wp-json\/wp\/v2\/pages"}],"about":[{"href":"https:\/\/www.pflegeheim-spechbach.de\/web\/wp-json\/wp\/v2\/types\/page"}],"author":[{"embeddable":true,"href":"https:\/\/www.pflegeheim-spechbach.de\/web\/wp-json\/wp\/v2\/users\/1"}],"replies":[{"embeddable":true,"href":"https:\/\/www.pflegeheim-spechbach.de\/web\/wp-json\/wp\/v2\/comments?post=27"}],"version-history":[{"count":8,"href":"https:\/\/www.pflegeheim-spechbach.de\/web\/wp-json\/wp\/v2\/pages\/27\/revisions"}],"predecessor-version":[{"id":207,"href":"https:\/\/www.pflegeheim-spechbach.de\/web\/wp-json\/wp\/v2\/pages\/27\/revisions\/207"}],"wp:attachment":[{"href":"https:\/\/www.pflegeheim-spechbach.de\/web\/wp-json\/wp\/v2\/media?parent=27"}],"curies":[{"name":"wp","href":"https:\/\/api.w.org\/{rel}","templated":true}]}}