{"id":255,"date":"2013-12-02T14:22:34","date_gmt":"2013-12-02T14:22:34","guid":{"rendered":"http:\/\/www.pflegeheim-spechbach.de\/web\/?page_id=255"},"modified":"2013-12-02T14:22:34","modified_gmt":"2013-12-02T14:22:34","slug":"karriere","status":"publish","type":"page","link":"https:\/\/www.pflegeheim-spechbach.de\/web\/karriere","title":{"rendered":"Karriere"},"content":{"rendered":"<p><strong>Stellenangebote<\/strong><\/p>\n<p><u>Pflegebereich<\/u><\/p>\n<p>Zur Verst\u00e4rkung unseres Pflegeteams suchen wir aktuell:<\/p>\n<p><strong>Pflegefachkraft <\/strong>in Vollzeit bzw. Teilzeit<\/p>\n<p>Wenn Sie Lust haben auf:<\/p>\n<p>&#8211; einen interessanten Aufgabenbereich in einem motivierten Team,<br \/>\n&#8211; das Arbeiten in einem Unternehmen, in dem die Expertenstandards mit Leben gef\u00fcllt werden,<br \/>\n&#8211; kontinuierliche Fort- und Weiterbildungsangebote,<br \/>\n&#8211; flexible Dienstpl\u00e4ne<\/p>\n<p>und als selbst\u00e4ndig handelnder und mitdenkender Mitarbeiter gef\u00f6rdert und gefordert werden wollen,<\/p>\n<p>freuen wir uns auf Ihre Bewerbung<\/p>\n<p>Alten-und Pflegeheim Haus Waldblick<br \/>\nWintersbrunnenhof<br \/>\n74937 Spechbach<\/p>\n<p>haus.waldblick@post-gmbh.de<\/p>\n<p><strong>Fortbildung<\/strong><\/p>\n<p>Wir bieten eine Vielzahl an <strong>kostenlosen <\/strong>Fortbildungen f\u00fcr unsere Mitarbeiter an.<\/p>\n<p><u>Weiterhin bilden wir aus:<\/u><br \/>\nZum Altenpfleger \/ in<\/p>\n","protected":false},"excerpt":{"rendered":"<p>Stellenangebote Pflegebereich Zur Verst\u00e4rkung unseres Pflegeteams suchen wir aktuell: Pflegefachkraft in Vollzeit bzw. Teilzeit Wenn Sie Lust haben auf: &#8211; einen interessanten Aufgabenbereich in einem motivierten Team, &#8211; das Arbeiten in einem Unternehmen, in dem die Expertenstandards mit Leben gef\u00fcllt werden, &#8211; kontinuierliche Fort- und Weiterbildungsangebote, &#8211; flexible Dienstpl\u00e4ne und als selbst\u00e4ndig handelnder und mitdenkender [&hellip;]<\/p>\n","protected":false},"author":1,"featured_media":0,"parent":0,"menu_order":15,"comment_status":"closed","ping_status":"open","template":"","meta":{"footnotes":""},"class_list":["post-255","page","type-page","status-publish","hentry"],"_links":{"self":[{"href":"https:\/\/www.pflegeheim-spechbach.de\/web\/wp-json\/wp\/v2\/pages\/255","targetHints":{"allow":["GET"]}}],"collection":[{"href":"https:\/\/www.pflegeheim-spechbach.de\/web\/wp-json\/wp\/v2\/pages"}],"about":[{"href":"https:\/\/www.pflegeheim-spechbach.de\/web\/wp-json\/wp\/v2\/types\/page"}],"author":[{"embeddable":true,"href":"https:\/\/www.pflegeheim-spechbach.de\/web\/wp-json\/wp\/v2\/users\/1"}],"replies":[{"embeddable":true,"href":"https:\/\/www.pflegeheim-spechbach.de\/web\/wp-json\/wp\/v2\/comments?post=255"}],"version-history":[{"count":1,"href":"https:\/\/www.pflegeheim-spechbach.de\/web\/wp-json\/wp\/v2\/pages\/255\/revisions"}],"predecessor-version":[{"id":256,"href":"https:\/\/www.pflegeheim-spechbach.de\/web\/wp-json\/wp\/v2\/pages\/255\/revisions\/256"}],"wp:attachment":[{"href":"https:\/\/www.pflegeheim-spechbach.de\/web\/wp-json\/wp\/v2\/media?parent=255"}],"curies":[{"name":"wp","href":"https:\/\/api.w.org\/{rel}","templated":true}]}}