{"id":25,"date":"2010-06-28T08:45:33","date_gmt":"2010-06-28T08:45:33","guid":{"rendered":"http:\/\/www.pflegeheim-spechbach.de\/web"},"modified":"2010-07-15T10:19:08","modified_gmt":"2010-07-15T10:19:08","slug":"pflegephilosophie","status":"publish","type":"page","link":"https:\/\/www.pflegeheim-spechbach.de\/web\/pflegephilosophie","title":{"rendered":"Pflegephilosophie"},"content":{"rendered":"<p>Im Mittelpunkt unserer pflegerischen Handlungen steht der Bewohner &#8211; wir sehen ihn in seiner Ganzheitlichkeit von K\u00f6rper, Geist und Seele.<\/p>\n<p>Mit dem theoretischen Hintergrund der aktivierenden, mobilisierenden Pflege und Betreuung sowie Rehabilitation erkennen wir die Ressourcen des Einzelnen, bauen diese aus und versuchen sie zu festigen.<br \/>\n\u00a0<br \/>\nWir pflegen ein offenes Haus mit famili\u00e4rem Charakter und bieten unseren Bewohnern ein behagliches Zuhause.<\/p>\n<p>Unser Ziel ist es, jedem Bewohner ein hohes Ma\u00df an individueller Sicherheit und Lebensqualit\u00e4t zu erm\u00f6glichen.<\/p>\n<p><a href=\"http:\/\/www.pflegeheim-spechbach.de\/web\/wp-content\/bilder\/gross\/pflegephilosophie01.jpg\"><img loading=\"lazy\" decoding=\"async\" alt=\"Alten- und Pflegeheim Haus Waldblick in Spechbach\" src=\"http:\/\/www.pflegeheim-spechbach.de\/web\/wp-content\/bilder\/klein\/pflegephilosophie01.jpg\" title=\"Alten- und Pflegeheim Haus Waldblick in Spechbach\" width=\"300\" height=\"200\" border=\"0\" \/><\/a> <a href=\"http:\/\/www.pflegeheim-spechbach.de\/web\/wp-content\/bilder\/gross\/pflegephilosophie02.jpg\"><img loading=\"lazy\" decoding=\"async\" alt=\"Alten- und Pflegeheim Haus Waldblick in Spechbach\" src=\"http:\/\/www.pflegeheim-spechbach.de\/web\/wp-content\/bilder\/klein\/pflegephilosophie02.jpg\" title=\"Alten- und Pflegeheim Haus Waldblick in Spechbach\" width=\"300\" height=\"200\" border=\"0\" \/><\/a><\/p>\n","protected":false},"excerpt":{"rendered":"<p>Im Mittelpunkt unserer pflegerischen Handlungen steht der Bewohner &#8211; wir sehen ihn in seiner Ganzheitlichkeit von K\u00f6rper, Geist und Seele. Mit dem theoretischen Hintergrund der aktivierenden, mobilisierenden Pflege und Betreuung sowie Rehabilitation erkennen wir die Ressourcen des Einzelnen, bauen diese aus und versuchen sie zu festigen. \u00a0 Wir pflegen ein offenes Haus mit famili\u00e4rem Charakter [&hellip;]<\/p>\n","protected":false},"author":1,"featured_media":0,"parent":0,"menu_order":6,"comment_status":"open","ping_status":"open","template":"","meta":{"footnotes":""},"class_list":["post-25","page","type-page","status-publish","hentry"],"_links":{"self":[{"href":"https:\/\/www.pflegeheim-spechbach.de\/web\/wp-json\/wp\/v2\/pages\/25","targetHints":{"allow":["GET"]}}],"collection":[{"href":"https:\/\/www.pflegeheim-spechbach.de\/web\/wp-json\/wp\/v2\/pages"}],"about":[{"href":"https:\/\/www.pflegeheim-spechbach.de\/web\/wp-json\/wp\/v2\/types\/page"}],"author":[{"embeddable":true,"href":"https:\/\/www.pflegeheim-spechbach.de\/web\/wp-json\/wp\/v2\/users\/1"}],"replies":[{"embeddable":true,"href":"https:\/\/www.pflegeheim-spechbach.de\/web\/wp-json\/wp\/v2\/comments?post=25"}],"version-history":[{"count":3,"href":"https:\/\/www.pflegeheim-spechbach.de\/web\/wp-json\/wp\/v2\/pages\/25\/revisions"}],"predecessor-version":[{"id":164,"href":"https:\/\/www.pflegeheim-spechbach.de\/web\/wp-json\/wp\/v2\/pages\/25\/revisions\/164"}],"wp:attachment":[{"href":"https:\/\/www.pflegeheim-spechbach.de\/web\/wp-json\/wp\/v2\/media?parent=25"}],"curies":[{"name":"wp","href":"https:\/\/api.w.org\/{rel}","templated":true}]}}