{"id":21,"date":"2010-06-28T08:41:41","date_gmt":"2010-06-28T08:41:41","guid":{"rendered":"http:\/\/www.pflegeheim-spechbach.de\/web"},"modified":"2010-07-30T08:26:26","modified_gmt":"2010-07-30T08:26:26","slug":"ausstattung","status":"publish","type":"page","link":"https:\/\/www.pflegeheim-spechbach.de\/web\/ausstattung","title":{"rendered":"Ausstattung"},"content":{"rendered":"<p>Neben den Bewohnerzimmern verf\u00fcgt das Haus \u00fcber verschiedene Gemeinschaftsr\u00e4ume wie Speises\u00e4le, Aufenthaltsr\u00e4ume und gem\u00fctliche Sitzecken.<br \/>\nIn einem gro\u00dfz\u00fcgig gestalteten Wintergarten haben Sie die M\u00f6glichkeit, die Ruhe oder auch die Gemeinsamkeit zu genie\u00dfen.<\/p>\n<p>Alle Bereiche des Hauses sind behindertengerecht ausgef\u00fchrt, so dass auch gehbehinderte und rollstuhlfahrende Bewohnerinnen und Bewohner jeden Bereich des Hauses erreichen k\u00f6nnen.<\/p>\n<p>Zu diesem Zweck verf\u00fcgt das Haus \u00fcber zwei Aufz\u00fcge, welche die Mobilit\u00e4t unserer Bewohnerinnen und Bewohner auch zwischen den Wohnbereichen sicherstellen.<\/p>\n<p>Die Wohnbereiche sind zur besseren Orientierung der Bewohner mit unterschiedlichen Farben versehen.<\/p>\n<p><a href=\"http:\/\/www.pflegeheim-spechbach.de\/web\/wp-content\/bilder\/gross\/zimmer-aus03-1.jpg\"><img loading=\"lazy\" decoding=\"async\" alt=\"Alten- und Pflegeheim Haus Waldblick in Spechbach\" src=\"http:\/\/www.pflegeheim-spechbach.de\/web\/wp-content\/bilder\/klein\/zimmer-aus03-1.jpg\" title=\"Alten- und Pflegeheim Haus Waldblick in Spechbach\" width=\"300\" height=\"200\" border=\"0\" \/><\/a> <a href=\"http:\/\/www.pflegeheim-spechbach.de\/web\/wp-content\/bilder\/gross\/zimmer-aus01-1.jpg\"><img loading=\"lazy\" decoding=\"async\" alt=\"Alten- und Pflegeheim Haus Waldblick in Spechbach\" src=\"http:\/\/www.pflegeheim-spechbach.de\/web\/wp-content\/bilder\/klein\/zimmer-aus01-1.jpg\" title=\"Alten- und Pflegeheim Haus Waldblick in Spechbach\" width=\"300\" height=\"200\" border=\"0\" \/><\/a> <\/p>\n<p>Die K\u00fcche des Hauses Waldblick ist auf die Bed\u00fcrfnisse und W\u00fcnsche der Bewohner ausgerichtet, da die Mahlzeiten einen hohen Stellenwert haben und den Tagesablauf der Bewohner pr\u00e4gen.<\/p>\n<p>Ob Normalkost oder Di\u00e4tverpflegung, auf den Speiseplan wird stets abwechslungsreiche, seniorengerechte Verpflegung angeboten.<\/p>\n<p>Die Reinigung der W\u00e4sche erfolgt in der hauseigenen W\u00e4scherei.<\/p>\n<p>Hinsichtlich der medizinischen und pflegerischen Versorgung unserer Bewohnerinnen und Bewohner legen wir gro\u00dfen Wert auf moderne technische Hilfsmittel. So verf\u00fcgt das Haus \u00fcber mehrere unterschiedliche Hubbadewannen nach neusten Stand der Technik.<\/p>\n<p>Das Haus ist mit modernster Sicherheitstechnik ausgestattet; hierzu geh\u00f6ren unter anderem eine Brandmeldeanlage, Rauchschutzt\u00fcren, welche im Brandfall eine Abschottung der Rettungswege garantieren, sowie eine moderne Schwesternrufanlage.<\/p>\n<p><a href=\"http:\/\/www.pflegeheim-spechbach.de\/web\/wp-content\/bilder\/gross\/zimmer-aus02-1.jpg\"><img loading=\"lazy\" decoding=\"async\" alt=\"Alten- und Pflegeheim Haus Waldblick in Spechbach\" src=\"http:\/\/www.pflegeheim-spechbach.de\/web\/wp-content\/bilder\/klein\/zimmer-aus02-1.jpg\" title=\"Alten- und Pflegeheim Haus Waldblick in Spechbach\" width=\"300\" height=\"200\" border=\"0\" \/><\/a> <a href=\"http:\/\/www.pflegeheim-spechbach.de\/web\/wp-content\/bilder\/gross\/zimmer-aus04-1.jpg\"><img loading=\"lazy\" decoding=\"async\" alt=\"Alten- und Pflegeheim Haus Waldblick in Spechbach\" src=\"http:\/\/www.pflegeheim-spechbach.de\/web\/wp-content\/bilder\/klein\/zimmer-aus04-1.jpg\" title=\"Alten- und Pflegeheim Haus Waldblick in Spechbach\" width=\"300\" height=\"200\" border=\"0\" \/><\/a><\/p>\n","protected":false},"excerpt":{"rendered":"<p>Neben den Bewohnerzimmern verf\u00fcgt das Haus \u00fcber verschiedene Gemeinschaftsr\u00e4ume wie Speises\u00e4le, Aufenthaltsr\u00e4ume und gem\u00fctliche Sitzecken. In einem gro\u00dfz\u00fcgig gestalteten Wintergarten haben Sie die M\u00f6glichkeit, die Ruhe oder auch die Gemeinsamkeit zu genie\u00dfen. Alle Bereiche des Hauses sind behindertengerecht ausgef\u00fchrt, so dass auch gehbehinderte und rollstuhlfahrende Bewohnerinnen und Bewohner jeden Bereich des Hauses erreichen k\u00f6nnen. Zu [&hellip;]<\/p>\n","protected":false},"author":1,"featured_media":0,"parent":0,"menu_order":3,"comment_status":"open","ping_status":"open","template":"","meta":{"footnotes":""},"class_list":["post-21","page","type-page","status-publish","hentry"],"_links":{"self":[{"href":"https:\/\/www.pflegeheim-spechbach.de\/web\/wp-json\/wp\/v2\/pages\/21","targetHints":{"allow":["GET"]}}],"collection":[{"href":"https:\/\/www.pflegeheim-spechbach.de\/web\/wp-json\/wp\/v2\/pages"}],"about":[{"href":"https:\/\/www.pflegeheim-spechbach.de\/web\/wp-json\/wp\/v2\/types\/page"}],"author":[{"embeddable":true,"href":"https:\/\/www.pflegeheim-spechbach.de\/web\/wp-json\/wp\/v2\/users\/1"}],"replies":[{"embeddable":true,"href":"https:\/\/www.pflegeheim-spechbach.de\/web\/wp-json\/wp\/v2\/comments?post=21"}],"version-history":[{"count":9,"href":"https:\/\/www.pflegeheim-spechbach.de\/web\/wp-json\/wp\/v2\/pages\/21\/revisions"}],"predecessor-version":[{"id":190,"href":"https:\/\/www.pflegeheim-spechbach.de\/web\/wp-json\/wp\/v2\/pages\/21\/revisions\/190"}],"wp:attachment":[{"href":"https:\/\/www.pflegeheim-spechbach.de\/web\/wp-json\/wp\/v2\/media?parent=21"}],"curies":[{"name":"wp","href":"https:\/\/api.w.org\/{rel}","templated":true}]}}