{"id":19,"date":"2010-06-28T08:41:04","date_gmt":"2010-06-28T08:41:04","guid":{"rendered":"http:\/\/www.pflegeheim-spechbach.de\/web"},"modified":"2010-07-15T09:43:04","modified_gmt":"2010-07-15T09:43:04","slug":"zimmer","status":"publish","type":"page","link":"https:\/\/www.pflegeheim-spechbach.de\/web\/zimmer","title":{"rendered":"Zimmer"},"content":{"rendered":"<p>Die Einzelzimmer und Doppelzimmer verteilen sich auf drei Wohnbereiche und\u00a0 sind mit separater Nasszelle ausgestattet.<\/p>\n<p>Unsere Bewohnerinnen und Bewohner wohnen in hellen, freundlichen und modern ausgestatteten Zimmern.<\/p>\n<p>Die komplett m\u00f6blierten Zimmer k\u00f6nnen, soweit m\u00f6glich, zus\u00e4tzlich mit eigenen Kleinm\u00f6beln und Accessoires ausgestattet werden.<\/p>\n<p>Durch die installierte Schwesternrufanlage ist Hilfe rund um die Uhr sichergestellt.<\/p>\n<p>Anschlussm\u00f6glichkeiten f\u00fcr Telefon und Satellitenfernsehen sind vorhanden.<\/p>\n<p>Die t\u00e4gliche Reinigung der Zimmer wird vom hauseigenen Personal durchgef\u00fchrt.<\/p>\n<p><a href=\"http:\/\/www.pflegeheim-spechbach.de\/web\/wp-content\/bilder\/gross\/zimmer-aus01.jpg\"><img loading=\"lazy\" decoding=\"async\" alt=\"Alten- und Pflegeheim Haus Waldblick in Spechbach\" src=\"http:\/\/www.pflegeheim-spechbach.de\/web\/wp-content\/bilder\/klein\/zimmer-aus01.jpg\" title=\"Alten- und Pflegeheim Haus Waldblick in Spechbach\" width=\"300\" height=\"200\" border=\"0\" \/><\/a> <a href=\"http:\/\/www.pflegeheim-spechbach.de\/web\/wp-content\/bilder\/gross\/zimmer-aus02.jpg\"><img loading=\"lazy\" decoding=\"async\" alt=\"Alten- und Pflegeheim Haus Waldblick in Spechbach\" src=\"http:\/\/www.pflegeheim-spechbach.de\/web\/wp-content\/bilder\/klein\/zimmer-aus02.jpg\" title=\"Alten- und Pflegeheim Haus Waldblick in Spechbach\" width=\"300\" height=\"200\" border=\"0\" \/><\/a><\/p>\n","protected":false},"excerpt":{"rendered":"<p>Die Einzelzimmer und Doppelzimmer verteilen sich auf drei Wohnbereiche und\u00a0 sind mit separater Nasszelle ausgestattet. Unsere Bewohnerinnen und Bewohner wohnen in hellen, freundlichen und modern ausgestatteten Zimmern. Die komplett m\u00f6blierten Zimmer k\u00f6nnen, soweit m\u00f6glich, zus\u00e4tzlich mit eigenen Kleinm\u00f6beln und Accessoires ausgestattet werden. Durch die installierte Schwesternrufanlage ist Hilfe rund um die Uhr sichergestellt. Anschlussm\u00f6glichkeiten f\u00fcr [&hellip;]<\/p>\n","protected":false},"author":1,"featured_media":0,"parent":0,"menu_order":2,"comment_status":"open","ping_status":"open","template":"","meta":{"footnotes":""},"class_list":["post-19","page","type-page","status-publish","hentry"],"_links":{"self":[{"href":"https:\/\/www.pflegeheim-spechbach.de\/web\/wp-json\/wp\/v2\/pages\/19","targetHints":{"allow":["GET"]}}],"collection":[{"href":"https:\/\/www.pflegeheim-spechbach.de\/web\/wp-json\/wp\/v2\/pages"}],"about":[{"href":"https:\/\/www.pflegeheim-spechbach.de\/web\/wp-json\/wp\/v2\/types\/page"}],"author":[{"embeddable":true,"href":"https:\/\/www.pflegeheim-spechbach.de\/web\/wp-json\/wp\/v2\/users\/1"}],"replies":[{"embeddable":true,"href":"https:\/\/www.pflegeheim-spechbach.de\/web\/wp-json\/wp\/v2\/comments?post=19"}],"version-history":[{"count":6,"href":"https:\/\/www.pflegeheim-spechbach.de\/web\/wp-json\/wp\/v2\/pages\/19\/revisions"}],"predecessor-version":[{"id":153,"href":"https:\/\/www.pflegeheim-spechbach.de\/web\/wp-json\/wp\/v2\/pages\/19\/revisions\/153"}],"wp:attachment":[{"href":"https:\/\/www.pflegeheim-spechbach.de\/web\/wp-json\/wp\/v2\/media?parent=19"}],"curies":[{"name":"wp","href":"https:\/\/api.w.org\/{rel}","templated":true}]}}