{"id":14,"date":"2010-06-28T08:39:33","date_gmt":"2010-06-28T08:39:33","guid":{"rendered":"http:\/\/www.pflegeheim-spechbach.de\/web"},"modified":"2010-07-15T10:17:57","modified_gmt":"2010-07-15T10:17:57","slug":"lage-und-umgebung","status":"publish","type":"page","link":"https:\/\/www.pflegeheim-spechbach.de\/web\/lage-und-umgebung","title":{"rendered":"Lage und Umgebung"},"content":{"rendered":"<p>Es ist eine ruhige, landschaftlich reizvolle\u00a0 Lage an der Grenze des Kraichgauer H\u00fcgellandes und des Odenwaldes, in der das Anwesen angesiedelt ist.<\/p>\n<p>Das Haus liegt au\u00dferhalb, ungef\u00e4hr 1 km vom Ortsmittelpunkt der Gemeinde Spechbach entfernt. Auf dem vorhandenen Weg f\u00fcr Fu\u00dfg\u00e4nger und Radfahrer kann die Gemeinde Spechbach auch sicher zu Fu\u00df erreicht werden.<\/p>\n<p>Hier ist ein Leben in Ruhe und weit ab vom st\u00e4dtischen, oft hektischen Leben m\u00f6glich. Das milde Klima und die unverwechselbare Natur sind gleichsam einem Erholungsgebiet und damit geradezu ideal f\u00fcr \u00e4ltere Menschen.<\/p>\n<p>Das Anwesen ist durch die in unmittelbarer N\u00e4he vorhandene Bushaltestelle an den \u00f6ffentlichen Nahverkehr angeschlossen.<\/p>\n<p>Busverbindungen in Richtung Heidelberg (Entfernung 25 km) bzw. nach Sinsheim (Entfernung 15 km) sind vorhanden. Der n\u00e4chste S-Bahn-Anschluss liegt in der 3 km entfernten Gemeinde Eschelbronn.<\/p>\n<p><a href=\"http:\/\/www.pflegeheim-spechbach.de\/web\/wp-content\/bilder\/gross\/lage-umgebung01.jpg\"><img loading=\"lazy\" decoding=\"async\" alt=\"Alten- und Pflegeheim Haus Waldblick in Spechbach\" src=\"http:\/\/www.pflegeheim-spechbach.de\/web\/wp-content\/bilder\/klein\/lage-umgebung01.jpg\" title=\"Alten- und Pflegeheim Haus Waldblick in Spechbach\" width=\"300\" height=\"200\" border=\"0\" \/><\/a> <a href=\"http:\/\/www.pflegeheim-spechbach.de\/web\/wp-content\/bilder\/gross\/lage-umgebung03.jpg\"><img loading=\"lazy\" decoding=\"async\" alt=\"Alten- und Pflegeheim Haus Waldblick in Spechbach\" src=\"http:\/\/www.pflegeheim-spechbach.de\/web\/wp-content\/bilder\/klein\/lage-umgebung03.jpg\" title=\"Alten- und Pflegeheim Haus Waldblick in Spechbach\" width=\"300\" height=\"200\" border=\"0\" \/><\/a><\/p>\n","protected":false},"excerpt":{"rendered":"<p>Es ist eine ruhige, landschaftlich reizvolle\u00a0 Lage an der Grenze des Kraichgauer H\u00fcgellandes und des Odenwaldes, in der das Anwesen angesiedelt ist. Das Haus liegt au\u00dferhalb, ungef\u00e4hr 1 km vom Ortsmittelpunkt der Gemeinde Spechbach entfernt. Auf dem vorhandenen Weg f\u00fcr Fu\u00dfg\u00e4nger und Radfahrer kann die Gemeinde Spechbach auch sicher zu Fu\u00df erreicht werden. Hier ist [&hellip;]<\/p>\n","protected":false},"author":1,"featured_media":0,"parent":0,"menu_order":5,"comment_status":"open","ping_status":"open","template":"","meta":{"footnotes":""},"class_list":["post-14","page","type-page","status-publish","hentry"],"_links":{"self":[{"href":"https:\/\/www.pflegeheim-spechbach.de\/web\/wp-json\/wp\/v2\/pages\/14","targetHints":{"allow":["GET"]}}],"collection":[{"href":"https:\/\/www.pflegeheim-spechbach.de\/web\/wp-json\/wp\/v2\/pages"}],"about":[{"href":"https:\/\/www.pflegeheim-spechbach.de\/web\/wp-json\/wp\/v2\/types\/page"}],"author":[{"embeddable":true,"href":"https:\/\/www.pflegeheim-spechbach.de\/web\/wp-json\/wp\/v2\/users\/1"}],"replies":[{"embeddable":true,"href":"https:\/\/www.pflegeheim-spechbach.de\/web\/wp-json\/wp\/v2\/comments?post=14"}],"version-history":[{"count":9,"href":"https:\/\/www.pflegeheim-spechbach.de\/web\/wp-json\/wp\/v2\/pages\/14\/revisions"}],"predecessor-version":[{"id":163,"href":"https:\/\/www.pflegeheim-spechbach.de\/web\/wp-json\/wp\/v2\/pages\/14\/revisions\/163"}],"wp:attachment":[{"href":"https:\/\/www.pflegeheim-spechbach.de\/web\/wp-json\/wp\/v2\/media?parent=14"}],"curies":[{"name":"wp","href":"https:\/\/api.w.org\/{rel}","templated":true}]}}