{"id":11,"date":"2010-06-28T08:38:26","date_gmt":"2010-06-28T08:38:26","guid":{"rendered":"http:\/\/www.pflegeheim-spechbach.de\/web"},"modified":"2010-08-10T09:05:30","modified_gmt":"2010-08-10T09:05:30","slug":"ausenanlage","status":"publish","type":"page","link":"https:\/\/www.pflegeheim-spechbach.de\/web\/ausenanlage","title":{"rendered":"Aussenanlage"},"content":{"rendered":"<p>Unsere gro\u00dfz\u00fcgige Parkanlage wird sowohl von Bewohnerinnen und Bewohner unseres Hauses sowie von Besuchern und G\u00e4sten gerne genutzt.<\/p>\n<p>Auf den zahlreichen Parkwegen gelangt man zu den verschiedenen Pl\u00e4tzen im Park; ob Gartenteich, Vogelvoliere oder Springbrunnen, \u00fcberall gibt es Pl\u00e4tze, welche zum Verweilen an der frischen Luft einladen.<\/p>\n<p><center><a href=\"http:\/\/www.pflegeheim-spechbach.de\/web\/wp-content\/bilder\/gross\/aussenanlage05.jpg\"><img loading=\"lazy\" decoding=\"async\" alt=\"Alten- und Pflegeheim Haus Waldblick in Spechbach\" src=\"http:\/\/www.pflegeheim-spechbach.de\/web\/wp-content\/bilder\/klein\/aussenanlage05.jpg\" title=\"Alten- und Pflegeheim Haus Waldblick in Spechbach\" width=\"600\" height=\"266\" border=\"0\" \/><\/a><\/center><\/p>\n<p>Sonnige Terrassen oder auch Pavillons sorgen nicht nur in der warmen Jahreszeit f\u00fcr wohltuende Entspannung.<\/p>\n<p>Eine \u201eKraut- und R\u00fcbenecke\u201c sowie Hochbeete stehen unseren g\u00e4rtnerisch interessierten Bewohnerinnen und Bewohnern f\u00fcr die Aussaat und das Pflanzen von Gem\u00fcse zur Verf\u00fcgung.<\/p>\n<p><a href=\"http:\/\/www.pflegeheim-spechbach.de\/web\/wp-content\/bilder\/gross\/aussenanlage03.jpg\"><img loading=\"lazy\" decoding=\"async\" alt=\"Alten- und Pflegeheim Haus Waldblick in Spechbach\" src=\"http:\/\/www.pflegeheim-spechbach.de\/web\/wp-content\/bilder\/klein\/aussenanlage03.jpg\" title=\"Alten- und Pflegeheim Haus Waldblick in Spechbach\" width=\"300\" height=\"200\" border=\"0\" \/><\/a> <a href=\"http:\/\/www.pflegeheim-spechbach.de\/web\/wp-content\/bilder\/gross\/aussenanlage02.jpg\"><img loading=\"lazy\" decoding=\"async\" alt=\"Alten- und Pflegeheim Haus Waldblick in Spechbach\" src=\"http:\/\/www.pflegeheim-spechbach.de\/web\/wp-content\/bilder\/klein\/aussenanlage02.jpg\" title=\"Alten- und Pflegeheim Haus Waldblick in Spechbach\" width=\"300\" height=\"200\" border=\"0\" \/><\/a><\/p>\n<p><a href=\"http:\/\/www.pflegeheim-spechbach.de\/web\/wp-content\/bilder\/gross\/aussenanlage01.jpg\"><img loading=\"lazy\" decoding=\"async\" alt=\"Alten- und Pflegeheim Haus Waldblick in Spechbach\" src=\"http:\/\/www.pflegeheim-spechbach.de\/web\/wp-content\/bilder\/klein\/aussenanlage01.jpg\" title=\"Alten- und Pflegeheim Haus Waldblick in Spechbach\" width=\"300\" height=\"200\" border=\"0\" \/><\/a> <a href=\"http:\/\/www.pflegeheim-spechbach.de\/web\/wp-content\/bilder\/gross\/aussenanlage04.jpg\"><img loading=\"lazy\" decoding=\"async\" alt=\"Alten- und Pflegeheim Haus Waldblick in Spechbach\" src=\"http:\/\/www.pflegeheim-spechbach.de\/web\/wp-content\/bilder\/klein\/aussenanlage04.jpg\" title=\"Alten- und Pflegeheim Haus Waldblick in Spechbach\" width=\"300\" height=\"200\" border=\"0\" \/><\/a><\/p>\n","protected":false},"excerpt":{"rendered":"<p>Unsere gro\u00dfz\u00fcgige Parkanlage wird sowohl von Bewohnerinnen und Bewohner unseres Hauses sowie von Besuchern und G\u00e4sten gerne genutzt. Auf den zahlreichen Parkwegen gelangt man zu den verschiedenen Pl\u00e4tzen im Park; ob Gartenteich, Vogelvoliere oder Springbrunnen, \u00fcberall gibt es Pl\u00e4tze, welche zum Verweilen an der frischen Luft einladen. Sonnige Terrassen oder auch Pavillons sorgen nicht nur [&hellip;]<\/p>\n","protected":false},"author":1,"featured_media":0,"parent":0,"menu_order":4,"comment_status":"open","ping_status":"open","template":"","meta":{"footnotes":""},"class_list":["post-11","page","type-page","status-publish","hentry"],"_links":{"self":[{"href":"https:\/\/www.pflegeheim-spechbach.de\/web\/wp-json\/wp\/v2\/pages\/11","targetHints":{"allow":["GET"]}}],"collection":[{"href":"https:\/\/www.pflegeheim-spechbach.de\/web\/wp-json\/wp\/v2\/pages"}],"about":[{"href":"https:\/\/www.pflegeheim-spechbach.de\/web\/wp-json\/wp\/v2\/types\/page"}],"author":[{"embeddable":true,"href":"https:\/\/www.pflegeheim-spechbach.de\/web\/wp-json\/wp\/v2\/users\/1"}],"replies":[{"embeddable":true,"href":"https:\/\/www.pflegeheim-spechbach.de\/web\/wp-json\/wp\/v2\/comments?post=11"}],"version-history":[{"count":11,"href":"https:\/\/www.pflegeheim-spechbach.de\/web\/wp-json\/wp\/v2\/pages\/11\/revisions"}],"predecessor-version":[{"id":234,"href":"https:\/\/www.pflegeheim-spechbach.de\/web\/wp-json\/wp\/v2\/pages\/11\/revisions\/234"}],"wp:attachment":[{"href":"https:\/\/www.pflegeheim-spechbach.de\/web\/wp-json\/wp\/v2\/media?parent=11"}],"curies":[{"name":"wp","href":"https:\/\/api.w.org\/{rel}","templated":true}]}}